{"id":24676,"date":"2008-02-27T11:55:41","date_gmt":"2008-02-27T10:55:41","guid":{"rendered":"https:\/\/hobbyshop-modelbouw.nl\/?product=15245-schuttgutwagen-set"},"modified":"2022-10-29T15:58:43","modified_gmt":"2022-10-29T13:58:43","slug":"15245-schuttgutwagen-set","status":"publish","type":"product","link":"https:\/\/hobbyshop-modelbouw.nl\/de\/produkt\/15245-schuttgutwagen-set\/","title":{"rendered":"15245 Sch\u00fcttgutwagen-Set"},"content":{"rendered":"<p>Fas 126 der Deutschen Bahn AG, Gesch\u00e4ftsbereich DB Cargo. Baujahr ab 1994. Einsatz: Transport von Kies, Sand und Aushub von und zu Gro\u00dfbaustellen.<br \/>\nModell: Epoche V<\/p>","protected":false},"excerpt":{"rendered":"<p>Fas 126 der Deutschen Bahn AG, Gesch\u00e4ftsbereich DB Cargo. Baujahr ab 1994. Einsatz: Transport von Kies, Sand und Aushub von und zu Gro\u00dfbaustellen. Modell: Epoche V<\/p>","protected":false},"featured_media":24677,"comment_status":"closed","ping_status":"closed","template":"","meta":{"site-sidebar-layout":"default","site-content-layout":"","ast-site-content-layout":"default","site-content-style":"default","site-sidebar-style":"default","ast-global-header-display":"","ast-banner-title-visibility":"","ast-main-header-display":"","ast-hfb-above-header-display":"","ast-hfb-below-header-display":"","ast-hfb-mobile-header-display":"","site-post-title":"","ast-breadcrumbs-content":"","ast-featured-img":"","footer-sml-layout":"","ast-disable-related-posts":"","theme-transparent-header-meta":"","adv-header-id-meta":"","stick-header-meta":"","header-above-stick-meta":"","header-main-stick-meta":"","header-below-stick-meta":"","astra-migrate-meta-layouts":"default","ast-page-background-enabled":"default","ast-page-background-meta":{"desktop":{"background-color":"","background-image":"","background-repeat":"repeat","background-position":"center center","background-size":"auto","background-attachment":"scroll","background-type":"","background-media":"","overlay-type":"","overlay-color":"","overlay-opacity":"","overlay-gradient":""},"tablet":{"background-color":"","background-image":"","background-repeat":"repeat","background-position":"center center","background-size":"auto","background-attachment":"scroll","background-type":"","background-media":"","overlay-type":"","overlay-color":"","overlay-opacity":"","overlay-gradient":""},"mobile":{"background-color":"","background-image":"","background-repeat":"repeat","background-position":"center center","background-size":"auto","background-attachment":"scroll","background-type":"","background-media":"","overlay-type":"","overlay-color":"","overlay-opacity":"","overlay-gradient":""}},"ast-content-background-meta":{"desktop":{"background-color":"var(--ast-global-color-5)","background-image":"","background-repeat":"repeat","background-position":"center center","background-size":"auto","background-attachment":"scroll","background-type":"","background-media":"","overlay-type":"","overlay-color":"","overlay-opacity":"","overlay-gradient":""},"tablet":{"background-color":"var(--ast-global-color-5)","background-image":"","background-repeat":"repeat","background-position":"center center","background-size":"auto","background-attachment":"scroll","background-type":"","background-media":"","overlay-type":"","overlay-color":"","overlay-opacity":"","overlay-gradient":""},"mobile":{"background-color":"var(--ast-global-color-5)","background-image":"","background-repeat":"repeat","background-position":"center center","background-size":"auto","background-attachment":"scroll","background-type":"","background-media":"","overlay-type":"","overlay-color":"","overlay-opacity":"","overlay-gradient":""}}},"product_brand":[],"product_cat":[469],"product_tag":[],"class_list":{"0":"post-24676","1":"product","2":"type-product","3":"status-publish","4":"has-post-thumbnail","6":"product_cat-minitrix","7":"desktop-align-left","8":"tablet-align-left","9":"mobile-align-left","10":"ast-product-gallery-layout-vertical","11":"ast-product-gallery-with-no-image","12":"ast-product-tabs-layout-horizontal","13":"ast-qv-on-image","15":"first","16":"instock","17":"taxable","18":"shipping-taxable","19":"purchasable","20":"product-type-simple"},"_links":{"self":[{"href":"https:\/\/hobbyshop-modelbouw.nl\/de\/wp-json\/wp\/v2\/product\/24676","targetHints":{"allow":["GET"]}}],"collection":[{"href":"https:\/\/hobbyshop-modelbouw.nl\/de\/wp-json\/wp\/v2\/product"}],"about":[{"href":"https:\/\/hobbyshop-modelbouw.nl\/de\/wp-json\/wp\/v2\/types\/product"}],"replies":[{"embeddable":true,"href":"https:\/\/hobbyshop-modelbouw.nl\/de\/wp-json\/wp\/v2\/comments?post=24676"}],"wp:featuredmedia":[{"embeddable":true,"href":"https:\/\/hobbyshop-modelbouw.nl\/de\/wp-json\/wp\/v2\/media\/24677"}],"wp:attachment":[{"href":"https:\/\/hobbyshop-modelbouw.nl\/de\/wp-json\/wp\/v2\/media?parent=24676"}],"wp:term":[{"taxonomy":"product_brand","embeddable":true,"href":"https:\/\/hobbyshop-modelbouw.nl\/de\/wp-json\/wp\/v2\/product_brand?post=24676"},{"taxonomy":"product_cat","embeddable":true,"href":"https:\/\/hobbyshop-modelbouw.nl\/de\/wp-json\/wp\/v2\/product_cat?post=24676"},{"taxonomy":"product_tag","embeddable":true,"href":"https:\/\/hobbyshop-modelbouw.nl\/de\/wp-json\/wp\/v2\/product_tag?post=24676"}],"curies":[{"name":"wp","href":"https:\/\/api.w.org\/{rel}","templated":true}]}}