{"id":26074,"date":"2014-05-26T15:12:23","date_gmt":"2014-05-26T13:12:23","guid":{"rendered":"https:\/\/hobbyshop-modelbouw.nl\/?product=955787-ns-containerdraagwagen-4-ass"},"modified":"2025-11-04T00:01:31","modified_gmt":"2025-11-03T23:01:31","slug":"955787-ns-containerdraagwagen-4-ass","status":"publish","type":"product","link":"https:\/\/hobbyshop-modelbouw.nl\/de\/produkt\/955787-ns-containerdraagwagen-4-ass\/","title":{"rendered":"955787 NS. Containertr\u00e4gerwagen 4-ass."},"content":{"rendered":"<p>955787TH NS. Containertr\u00e4gerwagen 4-ass. mit 3 B\u00fcrocontainern<br \/>\nvon \u00a347.95 f\u00fcr \u00a339.95<\/p>","protected":false},"excerpt":{"rendered":"<p>955787TH NS. containerdraagwagen 4-ass. met 3 kantoor containers van \u00e2\u201a\u00ac 47,95 voor \u00e2\u201a\u00ac 39.95<\/p>","protected":false},"featured_media":26075,"comment_status":"closed","ping_status":"closed","template":"","meta":{"site-sidebar-layout":"default","site-content-layout":"","ast-site-content-layout":"default","site-content-style":"default","site-sidebar-style":"default","ast-global-header-display":"","ast-banner-title-visibility":"","ast-main-header-display":"","ast-hfb-above-header-display":"","ast-hfb-below-header-display":"","ast-hfb-mobile-header-display":"","site-post-title":"","ast-breadcrumbs-content":"","ast-featured-img":"","footer-sml-layout":"","ast-disable-related-posts":"","theme-transparent-header-meta":"","adv-header-id-meta":"","stick-header-meta":"","header-above-stick-meta":"","header-main-stick-meta":"","header-below-stick-meta":"","astra-migrate-meta-layouts":"default","ast-page-background-enabled":"default","ast-page-background-meta":{"desktop":{"background-color":"","background-image":"","background-repeat":"repeat","background-position":"center center","background-size":"auto","background-attachment":"scroll","background-type":"","background-media":"","overlay-type":"","overlay-color":"","overlay-opacity":"","overlay-gradient":""},"tablet":{"background-color":"","background-image":"","background-repeat":"repeat","background-position":"center center","background-size":"auto","background-attachment":"scroll","background-type":"","background-media":"","overlay-type":"","overlay-color":"","overlay-opacity":"","overlay-gradient":""},"mobile":{"background-color":"","background-image":"","background-repeat":"repeat","background-position":"center center","background-size":"auto","background-attachment":"scroll","background-type":"","background-media":"","overlay-type":"","overlay-color":"","overlay-opacity":"","overlay-gradient":""}},"ast-content-background-meta":{"desktop":{"background-color":"var(--ast-global-color-5)","background-image":"","background-repeat":"repeat","background-position":"center center","background-size":"auto","background-attachment":"scroll","background-type":"","background-media":"","overlay-type":"","overlay-color":"","overlay-opacity":"","overlay-gradient":""},"tablet":{"background-color":"var(--ast-global-color-5)","background-image":"","background-repeat":"repeat","background-position":"center center","background-size":"auto","background-attachment":"scroll","background-type":"","background-media":"","overlay-type":"","overlay-color":"","overlay-opacity":"","overlay-gradient":""},"mobile":{"background-color":"var(--ast-global-color-5)","background-image":"","background-repeat":"repeat","background-position":"center center","background-size":"auto","background-attachment":"scroll","background-type":"","background-media":"","overlay-type":"","overlay-color":"","overlay-opacity":"","overlay-gradient":""}}},"product_brand":[],"product_cat":[464],"product_tag":[],"class_list":{"0":"post-26074","1":"product","2":"type-product","3":"status-publish","4":"has-post-thumbnail","6":"product_cat-fleischmann-ho","7":"pa_fabrikant-fleischmann","8":"desktop-align-left","9":"tablet-align-left","10":"mobile-align-left","11":"ast-product-gallery-layout-vertical","12":"ast-product-gallery-with-no-image","13":"ast-product-tabs-layout-horizontal","14":"ast-qv-on-image","16":"first","17":"outofstock","18":"taxable","19":"shipping-taxable","20":"purchasable","21":"product-type-simple"},"_links":{"self":[{"href":"https:\/\/hobbyshop-modelbouw.nl\/de\/wp-json\/wp\/v2\/product\/26074","targetHints":{"allow":["GET"]}}],"collection":[{"href":"https:\/\/hobbyshop-modelbouw.nl\/de\/wp-json\/wp\/v2\/product"}],"about":[{"href":"https:\/\/hobbyshop-modelbouw.nl\/de\/wp-json\/wp\/v2\/types\/product"}],"replies":[{"embeddable":true,"href":"https:\/\/hobbyshop-modelbouw.nl\/de\/wp-json\/wp\/v2\/comments?post=26074"}],"wp:featuredmedia":[{"embeddable":true,"href":"https:\/\/hobbyshop-modelbouw.nl\/de\/wp-json\/wp\/v2\/media\/26075"}],"wp:attachment":[{"href":"https:\/\/hobbyshop-modelbouw.nl\/de\/wp-json\/wp\/v2\/media?parent=26074"}],"wp:term":[{"taxonomy":"product_brand","embeddable":true,"href":"https:\/\/hobbyshop-modelbouw.nl\/de\/wp-json\/wp\/v2\/product_brand?post=26074"},{"taxonomy":"product_cat","embeddable":true,"href":"https:\/\/hobbyshop-modelbouw.nl\/de\/wp-json\/wp\/v2\/product_cat?post=26074"},{"taxonomy":"product_tag","embeddable":true,"href":"https:\/\/hobbyshop-modelbouw.nl\/de\/wp-json\/wp\/v2\/product_tag?post=26074"}],"curies":[{"name":"wp","href":"https:\/\/api.w.org\/{rel}","templated":true}]}}