{"id":34423,"date":"2025-10-18T14:19:25","date_gmt":"2025-10-18T12:19:25","guid":{"rendered":"https:\/\/hobbyshop-modelbouw.nl\/?post_type=product&#038;p=34423"},"modified":"2026-02-18T10:43:51","modified_gmt":"2026-02-18T09:43:51","slug":"lgb-2040-stainz-stoomlocomotief","status":"publish","type":"product","link":"https:\/\/hobbyshop-modelbouw.nl\/de\/produkt\/lgb-2040-stainz-stoomlocomotief\/","title":{"rendered":"LGB 2040 \"Stainz\" Dampflokomotive"},"content":{"rendered":"<p>Schlepptenderlokomotive Nr. 4 der H\u00fcttenwerke Siegerland (LGB-Nr. 2040), Kessel und Armaturen mattschwarz, schwarzer F\u00fchrerstand aus Hartplastik, Fahrgestell rot eingef\u00e4rbt, Stromabnahme \u00fcber Schnabel-System (Heuler-Motor). Baujahr 1968.<\/p>\n<p>Die LGB 2040 ist die urspr\u00fcngliche Dampflokomotive der LGB \"Stainz\"-Serie in Spur G, die 1968 auf den Markt kam. Obwohl sie sp\u00e4ter in die Serie 2021 umbenannt wurde, ist das urspr\u00fcngliche Modell 2040 als die erste der beliebten \"Stainz\"-Serie bekannt, die auf einer Krauss-Lokomotive von 1923 basiert. Es war ein erfolgreiches Modell und die Lokomotive, die dazu beitrug, dass sich LGB zu einem wichtigen Akteur auf dem Modellbahnmarkt entwickelte.<\/p>\n<p><strong>Produkt:<\/strong> LGB 2040 \"Stainz\" Dampflokomotive<br \/>\n<strong>Ma\u00dfstab:<\/strong> Ma\u00dfstab G (1:22,5)<br \/>\n<strong>Freigegeben:<\/strong> 1968<br \/>\n<strong>Modell:<\/strong> Basierend auf einer echten Krauss-Lokomotive aus dem Jahr 1923<br \/>\n<strong>Bedeutsamkeit:<\/strong> Das erste Produkt der kultigen \"Stainz\"-Reihe und entscheidend f\u00fcr den fr\u00fchen Erfolg von LGB<br \/>\n<strong>Sp\u00e4tere Version:<\/strong> Sp\u00e4ter umbenannt in die Serie 2021<\/p>\n<p>Ohne Verpackung<\/p>","protected":false},"excerpt":{"rendered":"<p>Die LGB 2040 ist die urspr\u00fcngliche Dampflokomotive der LGB \"Stainz\"-Serie in Spur G, die 1968 auf den Markt kam. Obwohl sie sp\u00e4ter in die Serie 2021 umbenannt wurde, ist das urspr\u00fcngliche Modell 2040 als die erste der beliebten \"Stainz\"-Serie bekannt, die auf einer Krauss-Lokomotive von 1923 basiert. Es war ein erfolgreiches Modell und die Lokomotive, die dazu beitrug, dass sich LGB zu einem wichtigen Akteur auf dem Modellbahnmarkt entwickelte.<\/p>","protected":false},"featured_media":34426,"comment_status":"closed","ping_status":"closed","template":"","meta":{"site-sidebar-layout":"default","site-content-layout":"","ast-site-content-layout":"default","site-content-style":"default","site-sidebar-style":"default","ast-global-header-display":"","ast-banner-title-visibility":"","ast-main-header-display":"","ast-hfb-above-header-display":"","ast-hfb-below-header-display":"","ast-hfb-mobile-header-display":"","site-post-title":"","ast-breadcrumbs-content":"","ast-featured-img":"","footer-sml-layout":"","ast-disable-related-posts":"","theme-transparent-header-meta":"default","adv-header-id-meta":"","stick-header-meta":"","header-above-stick-meta":"","header-main-stick-meta":"","header-below-stick-meta":"","astra-migrate-meta-layouts":"set","ast-page-background-enabled":"default","ast-page-background-meta":{"desktop":{"background-color":"","background-image":"","background-repeat":"repeat","background-position":"center center","background-size":"auto","background-attachment":"scroll","background-type":"","background-media":"","overlay-type":"","overlay-color":"","overlay-opacity":"","overlay-gradient":""},"tablet":{"background-color":"","background-image":"","background-repeat":"repeat","background-position":"center center","background-size":"auto","background-attachment":"scroll","background-type":"","background-media":"","overlay-type":"","overlay-color":"","overlay-opacity":"","overlay-gradient":""},"mobile":{"background-color":"","background-image":"","background-repeat":"repeat","background-position":"center center","background-size":"auto","background-attachment":"scroll","background-type":"","background-media":"","overlay-type":"","overlay-color":"","overlay-opacity":"","overlay-gradient":""}},"ast-content-background-meta":{"desktop":{"background-color":"var(--ast-global-color-5)","background-image":"","background-repeat":"repeat","background-position":"center center","background-size":"auto","background-attachment":"scroll","background-type":"","background-media":"","overlay-type":"","overlay-color":"","overlay-opacity":"","overlay-gradient":""},"tablet":{"background-color":"var(--ast-global-color-5)","background-image":"","background-repeat":"repeat","background-position":"center center","background-size":"auto","background-attachment":"scroll","background-type":"","background-media":"","overlay-type":"","overlay-color":"","overlay-opacity":"","overlay-gradient":""},"mobile":{"background-color":"var(--ast-global-color-5)","background-image":"","background-repeat":"repeat","background-position":"center center","background-size":"auto","background-attachment":"scroll","background-type":"","background-media":"","overlay-type":"","overlay-color":"","overlay-opacity":"","overlay-gradient":""}}},"product_brand":[],"product_cat":[414,403],"product_tag":[],"class_list":{"0":"post-34423","1":"product","2":"type-product","3":"status-publish","4":"has-post-thumbnail","6":"product_cat-lgb","7":"product_cat-occasions","8":"desktop-align-left","9":"tablet-align-left","10":"mobile-align-left","11":"ast-product-gallery-layout-vertical","12":"ast-product-tabs-layout-horizontal","13":"ast-qv-on-image","15":"first","16":"outofstock","17":"purchasable","18":"product-type-simple"},"_links":{"self":[{"href":"https:\/\/hobbyshop-modelbouw.nl\/de\/wp-json\/wp\/v2\/product\/34423","targetHints":{"allow":["GET"]}}],"collection":[{"href":"https:\/\/hobbyshop-modelbouw.nl\/de\/wp-json\/wp\/v2\/product"}],"about":[{"href":"https:\/\/hobbyshop-modelbouw.nl\/de\/wp-json\/wp\/v2\/types\/product"}],"replies":[{"embeddable":true,"href":"https:\/\/hobbyshop-modelbouw.nl\/de\/wp-json\/wp\/v2\/comments?post=34423"}],"wp:featuredmedia":[{"embeddable":true,"href":"https:\/\/hobbyshop-modelbouw.nl\/de\/wp-json\/wp\/v2\/media\/34426"}],"wp:attachment":[{"href":"https:\/\/hobbyshop-modelbouw.nl\/de\/wp-json\/wp\/v2\/media?parent=34423"}],"wp:term":[{"taxonomy":"product_brand","embeddable":true,"href":"https:\/\/hobbyshop-modelbouw.nl\/de\/wp-json\/wp\/v2\/product_brand?post=34423"},{"taxonomy":"product_cat","embeddable":true,"href":"https:\/\/hobbyshop-modelbouw.nl\/de\/wp-json\/wp\/v2\/product_cat?post=34423"},{"taxonomy":"product_tag","embeddable":true,"href":"https:\/\/hobbyshop-modelbouw.nl\/de\/wp-json\/wp\/v2\/product_tag?post=34423"}],"curies":[{"name":"wp","href":"https:\/\/api.w.org\/{rel}","templated":true}]}}